{"id":114,"date":"2024-04-13T17:14:59","date_gmt":"2024-04-13T17:14:59","guid":{"rendered":"https:\/\/paulinomonroy.com\/?page_id=114"},"modified":"2024-10-07T18:47:40","modified_gmt":"2024-10-07T18:47:40","slug":"biografia","status":"publish","type":"page","link":"https:\/\/paulinomonroy.com\/index.php\/biografia\/","title":{"rendered":"Biograf\u00eda"},"content":{"rendered":"\n<div class=\"wp-block-group alignfull has-accent-background-color has-background has-global-padding is-layout-constrained wp-container-core-group-is-layout-2 wp-block-group-is-layout-constrained\" style=\"margin-top:0;margin-bottom:0;padding-top:var(--wp--preset--spacing--50);padding-right:var(--wp--preset--spacing--50);padding-bottom:var(--wp--preset--spacing--50);padding-left:var(--wp--preset--spacing--50)\">\n<div class=\"wp-block-columns alignwide is-layout-flex wp-container-core-columns-is-layout-1 wp-block-columns-is-layout-flex\">\n<div class=\"wp-block-column is-vertically-aligned-stretch is-layout-flow wp-block-column-is-layout-flow\" style=\"flex-basis:50%\">\n<div class=\"wp-block-group is-vertical is-content-justification-stretch is-layout-flex wp-container-core-group-is-layout-1 wp-block-group-is-layout-flex\" style=\"min-height:100%\">\n<p class=\"has-text-align-right has-contrast-3-color has-text-color has-link-color has-x-large-font-size wp-elements-a7f5ed751b18a2a98238c560026317f4\"><strong>Paulino Monroy es un compositor, cantante y productor mexicano reconocido en varios movimientos de la m\u00fasica latinoamericana actual, desde el rock hasta el cancionista independiente, el pop alternativo o el mainstream<\/strong>.<\/p>\n<\/div>\n<\/div>\n\n\n\n<div class=\"wp-block-column is-vertically-aligned-center is-layout-flow wp-block-column-is-layout-flow\" style=\"flex-basis:50%\">\n<figure class=\"wp-block-image size-large is-resized is-style-rounded is-style-rounded--03a0baeb7d125a3e0c6ef88068359566\"><img loading=\"lazy\" decoding=\"async\" width=\"1707\" height=\"2560\" src=\"https:\/\/paulinomonroy.com\/wp-content\/uploads\/2024\/04\/MG_4552-copia-1-edited-scaled.jpg\" alt=\"\" class=\"wp-image-118\" style=\"aspect-ratio:0.75;object-fit:cover;width:557px;height:auto\" srcset=\"https:\/\/paulinomonroy.com\/wp-content\/uploads\/2024\/04\/MG_4552-copia-1-edited-scaled.jpg 1707w, https:\/\/paulinomonroy.com\/wp-content\/uploads\/2024\/04\/MG_4552-copia-1-edited-200x300.jpg 200w, https:\/\/paulinomonroy.com\/wp-content\/uploads\/2024\/04\/MG_4552-copia-1-edited-683x1024.jpg 683w, https:\/\/paulinomonroy.com\/wp-content\/uploads\/2024\/04\/MG_4552-copia-1-edited-768x1152.jpg 768w, https:\/\/paulinomonroy.com\/wp-content\/uploads\/2024\/04\/MG_4552-copia-1-edited-1024x1536.jpg 1024w, https:\/\/paulinomonroy.com\/wp-content\/uploads\/2024\/04\/MG_4552-copia-1-edited-1366x2048.jpg 1366w, https:\/\/paulinomonroy.com\/wp-content\/uploads\/2024\/04\/MG_4552-copia-1-edited-600x900.jpg 600w\" sizes=\"(max-width: 1707px) 100vw, 1707px\" \/><\/figure>\n<\/div>\n<\/div>\n<\/div>\n\n\n\n<div class=\"wp-block-group alignfull has-base-background-color has-background has-global-padding is-layout-constrained wp-container-core-group-is-layout-3 wp-block-group-is-layout-constrained\" style=\"margin-top:0;margin-bottom:0;padding-top:var(--wp--preset--spacing--50);padding-right:var(--wp--preset--spacing--50);padding-bottom:var(--wp--preset--spacing--50);padding-left:var(--wp--preset--spacing--50)\">\n<div class=\"wp-block-columns alignwide is-layout-flex wp-container-core-columns-is-layout-3 wp-block-columns-is-layout-flex\">\n<div class=\"wp-block-column has-global-padding is-content-justification-left is-layout-constrained wp-container-core-column-is-layout-3 wp-block-column-is-layout-constrained\" style=\"flex-basis:40%\">\n<figure class=\"wp-block-image size-large is-resized\"><img loading=\"lazy\" decoding=\"async\" width=\"1441\" height=\"2560\" src=\"https:\/\/paulinomonroy.com\/wp-content\/uploads\/2024\/04\/MG_4571-copia-edited-scaled.jpg\" alt=\"\" class=\"wp-image-115\" style=\"aspect-ratio:0.6666666666666666;object-fit:cover;width:502px;height:auto\" srcset=\"https:\/\/paulinomonroy.com\/wp-content\/uploads\/2024\/04\/MG_4571-copia-edited-scaled.jpg 1441w, https:\/\/paulinomonroy.com\/wp-content\/uploads\/2024\/04\/MG_4571-copia-edited-169x300.jpg 169w, https:\/\/paulinomonroy.com\/wp-content\/uploads\/2024\/04\/MG_4571-copia-edited-576x1024.jpg 576w, https:\/\/paulinomonroy.com\/wp-content\/uploads\/2024\/04\/MG_4571-copia-edited-768x1365.jpg 768w, https:\/\/paulinomonroy.com\/wp-content\/uploads\/2024\/04\/MG_4571-copia-edited-864x1536.jpg 864w, https:\/\/paulinomonroy.com\/wp-content\/uploads\/2024\/04\/MG_4571-copia-edited-1153x2048.jpg 1153w, https:\/\/paulinomonroy.com\/wp-content\/uploads\/2024\/04\/MG_4571-copia-edited-600x1066.jpg 600w\" sizes=\"(max-width: 1441px) 100vw, 1441px\" \/><\/figure>\n<\/div>\n\n\n\n<div class=\"wp-block-column is-layout-flow wp-container-core-column-is-layout-6 wp-block-column-is-layout-flow\" style=\"flex-basis:60%\">\n<p class=\"has-contrast-3-color has-text-color has-link-color has-large-font-size wp-elements-49852828a6d1a030be13e7679e3492fe\"><strong>Ha colaborado en vivo y en estudio con artistas como&nbsp;<a href=\"https:\/\/es.wikipedia.org\/wiki\/Siddhartha_(m%C3%BAsico)\">Siddhartha<\/a>,&nbsp;<a href=\"https:\/\/es.wikipedia.org\/wiki\/Pedro_Piedra\">Pedro Piedra<\/a>,&nbsp;<a href=\"https:\/\/es.wikipedia.org\/wiki\/Vanessa_Zamora\">Vanessa Zamora<\/a>,&nbsp;<a href=\"https:\/\/es.wikipedia.org\/wiki\/Mon_Laferte\">Mon Laferte<\/a>&nbsp;<a href=\"https:\/\/es.wikipedia.org\/wiki\/Ivan_Ferreiro\">Ivan Ferreiro<\/a>,&nbsp;<a href=\"https:\/\/es.wikipedia.org\/wiki\/Juan_Pablo_Vega\">Juan Pablo Vega<\/a>&nbsp;<a href=\"https:\/\/es.wikipedia.org\/wiki\/Mc_Davo\">Mc Davo<\/a>,&nbsp;<a href=\"https:\/\/es.wikipedia.org\/wiki\/Franco_de_Vita\">Franco de Vita<\/a>, entre otros.<\/strong><\/p>\n\n\n\n<p class=\"has-medium-font-size wp-container-content-1\">En el 2015 realiz\u00f3 su primer Lunario presentando en vivo su m\u00e1s reciente producci\u00f3n discogr\u00e1fica, #LargaDuraci\u00f3n logrando un&nbsp;<em>soldout<\/em>. Tiene una trayectoria de varios a\u00f1os y ha pisado pr\u00e1cticamente todos los foros m\u00e1s grandes e importantes del pa\u00eds interpretando siempre su m\u00fasica, tambi\u00e9n se ha presentado en pa\u00edses como Colombia, Argentina y Chile, as\u00ed como en EUA en su m\u00e1s reciente gira por 4 estados de Norte Am\u00e9rica.<\/p>\n\n\n\n<p class=\"has-medium-font-size wp-container-content-2\">Ha formado parte de 3 bandas sonoras de pel\u00edculas mexicanas (Compadres, Busco novio para mi mujer, Milagro en Praga) con \u00abFrenes\u00ed\u00bb, \u00abHoy que ya te has ido\u00bb, y \u00abT\u00fa y yo y ya\u00bb, la serie Correr para vivir de Espn con \u00abVivo\u00bb y 3 tele series chilenas con: \u00abLugar de amor, \u00abUn paso adelante\u00bb y \u00abFrenes\u00ed\u00bb, su sencillo \u00abConexi\u00f3n espiritual\u00bb lleg\u00f3 al segundo puesto de la lista Billboard de canciones con mayor audiencia en la radio mexicana. La canci\u00f3n \u00abfrenes\u00ed\u00bb la compuso con MC Davo.<\/p>\n\n\n\n<div class=\"wp-block-columns is-layout-flex wp-container-core-columns-is-layout-2 wp-block-columns-is-layout-flex\">\n<div class=\"wp-block-column is-layout-flow wp-block-column-is-layout-flow\"><\/div>\n\n\n\n<div class=\"wp-block-column is-layout-flow wp-block-column-is-layout-flow\"><\/div>\n<\/div>\n<\/div>\n<\/div>\n<\/div>\n\n\n\n<div class=\"wp-block-group alignfull has-global-padding is-layout-constrained wp-container-core-group-is-layout-6 wp-block-group-is-layout-constrained\" style=\"margin-top:0;margin-bottom:0;padding-top:var(--wp--preset--spacing--50);padding-right:var(--wp--preset--spacing--50);padding-bottom:var(--wp--preset--spacing--50);padding-left:var(--wp--preset--spacing--50)\">\n<div class=\"wp-block-group alignwide has-base-2-background-color has-background is-layout-flow wp-block-group-is-layout-flow\" style=\"border-radius:16px;padding-top:var(--wp--preset--spacing--50);padding-right:var(--wp--preset--spacing--50);padding-bottom:var(--wp--preset--spacing--50);padding-left:var(--wp--preset--spacing--50)\">\n<p class=\"has-text-align-center\">We\u2019ve worked with some of the best companies.<\/p>\n\n\n\n<div style=\"height:var(--wp--preset--spacing--10)\" aria-hidden=\"true\" class=\"wp-block-spacer\"><\/div>\n\n\n\n<div class=\"wp-block-group alignwide is-content-justification-center is-layout-flex wp-container-core-group-is-layout-4 wp-block-group-is-layout-flex\" style=\"padding-top:0;padding-right:0;padding-bottom:0;padding-left:0\">\n\n\n\n\n\n\n\n<\/div>\n<\/div>\n<\/div>\n","protected":false},"excerpt":{"rendered":"<p>Paulino Monroy es un compositor, cantante y productor mexicano reconocido en varios movimientos de la m\u00fasica latinoamericana actual, desde el rock hasta el cancionista independiente, el pop alternativo o el mainstream. Ha colaborado en vivo y en estudio con artistas como&nbsp;Siddhartha,&nbsp;Pedro Piedra,&nbsp;Vanessa Zamora,&nbsp;Mon Laferte&nbsp;Ivan Ferreiro,&nbsp;Juan Pablo Vega&nbsp;Mc Davo,&nbsp;Franco de Vita, entre otros. En el 2015 [&hellip;]<\/p>\n","protected":false},"author":1,"featured_media":0,"parent":0,"menu_order":0,"comment_status":"closed","ping_status":"closed","template":"","meta":{"footnotes":""},"class_list":["post-114","page","type-page","status-publish","hentry"],"jetpack_sharing_enabled":true,"_links":{"self":[{"href":"https:\/\/paulinomonroy.com\/index.php\/wp-json\/wp\/v2\/pages\/114"}],"collection":[{"href":"https:\/\/paulinomonroy.com\/index.php\/wp-json\/wp\/v2\/pages"}],"about":[{"href":"https:\/\/paulinomonroy.com\/index.php\/wp-json\/wp\/v2\/types\/page"}],"author":[{"embeddable":true,"href":"https:\/\/paulinomonroy.com\/index.php\/wp-json\/wp\/v2\/users\/1"}],"replies":[{"embeddable":true,"href":"https:\/\/paulinomonroy.com\/index.php\/wp-json\/wp\/v2\/comments?post=114"}],"version-history":[{"count":6,"href":"https:\/\/paulinomonroy.com\/index.php\/wp-json\/wp\/v2\/pages\/114\/revisions"}],"predecessor-version":[{"id":225,"href":"https:\/\/paulinomonroy.com\/index.php\/wp-json\/wp\/v2\/pages\/114\/revisions\/225"}],"wp:attachment":[{"href":"https:\/\/paulinomonroy.com\/index.php\/wp-json\/wp\/v2\/media?parent=114"}],"curies":[{"name":"wp","href":"https:\/\/api.w.org\/{rel}","templated":true}]}}