{"id":210,"date":"2024-10-07T13:00:56","date_gmt":"2024-10-07T13:00:56","guid":{"rendered":"https:\/\/paulinomonroy.com\/?post_type=product&#038;p=210"},"modified":"2024-10-07T18:21:01","modified_gmt":"2024-10-07T18:21:01","slug":"boleto-vip-guadalajara-preventa","status":"publish","type":"product","link":"https:\/\/paulinomonroy.com\/index.php\/product\/boleto-vip-guadalajara-preventa\/","title":{"rendered":"Boleto VIP Guadalajara &#8211; Preventa"},"content":{"rendered":"<h2><strong>\u00a1Concierto &amp; Fiesta de Disfraces el 31 de Octubre en Barba Negra GDL!\u00a0\u00a0<\/strong><\/h2>\n<div>Paulino Monroy presenta <strong>AHORITA<\/strong> su nuevo sencillo as\u00ed como sus \u00e9xitos en formato POWER TRIO en <strong>BARBA NEGRA GDL<\/strong>.<\/div>\n<h2>Una experiencia \u00edntima y emocionante<\/h2>\n<p>Disfruta de este gran concierto de Paulino Monroy donde visitar\u00e1 sus \u00e9xitos m\u00e1s conocidos y algo de su nueva m\u00fasica, en el apartado final del show pide por tu canci\u00f3n favorita para que sea interpretada por Paulino en modo ac\u00fastico.<\/p>\n<div>El acomodo y las zonas de los lugares es: zona general sujeto a disponibilidad asiento o de pie por orden de arribo, VIP zona preferente asiento o de pie zona VIP acorde a aforo; solo las personas con BOLETO VIP tienen acceso al Meet &amp; Greet mismo que se lleva a cabo al finalizar el concierto en alg\u00fan apartado del mismo venue.<\/div>\n<div><\/div>\n<div>Los discos de los accesos VIP se entregan en la entrada y podr\u00e1n ser firmados por Paulino durante el meet and greet.<\/div>\n","protected":false},"excerpt":{"rendered":"<p><img loading=\"lazy\" decoding=\"async\" class=\"alignnone wp-image-204 size-medium\" src=\"https:\/\/paulinomonroy.com\/wp-content\/uploads\/2024\/04\/Flyer-240x300.png\" alt=\"\" width=\"240\" height=\"300\" srcset=\"https:\/\/paulinomonroy.com\/wp-content\/uploads\/2024\/04\/Flyer-240x300.png 240w, https:\/\/paulinomonroy.com\/wp-content\/uploads\/2024\/04\/Flyer-819x1024.png 819w, https:\/\/paulinomonroy.com\/wp-content\/uploads\/2024\/04\/Flyer-768x960.png 768w, https:\/\/paulinomonroy.com\/wp-content\/uploads\/2024\/04\/Flyer-600x750.png 600w, https:\/\/paulinomonroy.com\/wp-content\/uploads\/2024\/04\/Flyer.png 1080w\" sizes=\"(max-width: 240px) 100vw, 240px\" \/><\/p>\n","protected":false},"featured_media":204,"comment_status":"open","ping_status":"closed","template":"","meta":[],"product_cat":[28],"product_tag":[21],"class_list":{"0":"post-210","1":"product","2":"type-product","3":"status-publish","4":"has-post-thumbnail","6":"product_cat-tour-2024","7":"product_tag-boleto-vip","9":"first","10":"instock","11":"virtual","12":"purchasable","13":"product-type-simple"},"jetpack_sharing_enabled":true,"_links":{"self":[{"href":"https:\/\/paulinomonroy.com\/index.php\/wp-json\/wp\/v2\/product\/210"}],"collection":[{"href":"https:\/\/paulinomonroy.com\/index.php\/wp-json\/wp\/v2\/product"}],"about":[{"href":"https:\/\/paulinomonroy.com\/index.php\/wp-json\/wp\/v2\/types\/product"}],"replies":[{"embeddable":true,"href":"https:\/\/paulinomonroy.com\/index.php\/wp-json\/wp\/v2\/comments?post=210"}],"wp:featuredmedia":[{"embeddable":true,"href":"https:\/\/paulinomonroy.com\/index.php\/wp-json\/wp\/v2\/media\/204"}],"wp:attachment":[{"href":"https:\/\/paulinomonroy.com\/index.php\/wp-json\/wp\/v2\/media?parent=210"}],"wp:term":[{"taxonomy":"product_cat","embeddable":true,"href":"https:\/\/paulinomonroy.com\/index.php\/wp-json\/wp\/v2\/product_cat?post=210"},{"taxonomy":"product_tag","embeddable":true,"href":"https:\/\/paulinomonroy.com\/index.php\/wp-json\/wp\/v2\/product_tag?post=210"}],"curies":[{"name":"wp","href":"https:\/\/api.w.org\/{rel}","templated":true}]}}