{"id":51,"date":"2024-04-13T16:19:14","date_gmt":"2024-04-13T16:19:14","guid":{"rendered":"https:\/\/paulinomonroy.com\/?post_type=product&#038;p=51"},"modified":"2024-04-13T16:19:15","modified_gmt":"2024-04-13T16:19:15","slug":"official-yesterdam-t-shirt","status":"publish","type":"product","link":"https:\/\/paulinomonroy.com\/index.php\/product\/official-yesterdam-t-shirt\/","title":{"rendered":"Official YESTERDAM  T-Shirt"},"content":{"rendered":"<h2>Playera Oficial de Yesterdam<\/h2>\n<p>Presentamos la playera oficial de Yesterdam, una prenda de alta calidad dise\u00f1ada para los verdaderos fan\u00e1ticos de la marca. Esta playera es perfecta para lucir un estilo moderno y a la vez representar tu pasi\u00f3n por Yesterdam.<\/p>\n<h2>Dise\u00f1o y Calidad<\/h2>\n<p>La playera oficial de Yesterdam cuenta con un dise\u00f1o exclusivo que combina elementos ic\u00f3nicos de la marca con un toque contempor\u00e1neo. Est\u00e1 confeccionada con los mejores materiales, lo que garantiza una gran durabilidad y comodidad. Adem\u00e1s, su corte cl\u00e1sico se adapta a todo tipo de cuerpo, brindando un ajuste perfecto.<\/p>\n<h2>Estilo y Versatilidad<\/h2>\n<p>Esta playera es ideal para lucir en cualquier ocasi\u00f3n. Ya sea que la uses para ir al gimnasio, salir con amigos o simplemente para relajarte en casa, su estilo \u00fanico te har\u00e1 destacar. Comb\u00ednala con tus jeans favoritos o con unos shorts para un look casual y moderno.<\/p>\n<p>Adem\u00e1s, la playera oficial de Yesterdam est\u00e1 disponible en diferentes tallas, lo que te permite encontrar la que mejor se adapte a ti. Tambi\u00e9n puedes elegir entre una variedad de colores, desde los cl\u00e1sicos negro y blanco hasta tonos m\u00e1s vibrantes como el rojo y el azul.<\/p>\n<p>No pierdas la oportunidad de tener en tu guardarropa esta playera oficial de Yesterdam. \u00a1Hazte con la tuya y demuestra tu aut\u00e9ntico estilo y pasi\u00f3n por la marca!0.300<\/p>\n","protected":false},"excerpt":{"rendered":"<p>Playera Oficial de Yesterdam Presentamos la playera oficial de Yesterdam, una prenda de alta calidad dise\u00f1ada para los verdaderos fan\u00e1ticos de la marca. Esta playera es perfecta para lucir un estilo moderno y a la vez representar tu pasi\u00f3n por Yesterdam. Dise\u00f1o y Calidad La playera oficial de Yesterdam cuenta con un dise\u00f1o exclusivo que [&hellip;]<\/p>\n","protected":false},"featured_media":105,"comment_status":"closed","ping_status":"closed","template":"","meta":[],"product_cat":[24],"product_tag":[25],"class_list":{"0":"post-51","1":"product","2":"type-product","3":"status-publish","4":"has-post-thumbnail","6":"product_cat-merch","7":"product_tag-tshirt","9":"first","10":"instock","11":"taxable","12":"shipping-taxable","13":"purchasable","14":"product-type-simple"},"jetpack_sharing_enabled":true,"_links":{"self":[{"href":"https:\/\/paulinomonroy.com\/index.php\/wp-json\/wp\/v2\/product\/51"}],"collection":[{"href":"https:\/\/paulinomonroy.com\/index.php\/wp-json\/wp\/v2\/product"}],"about":[{"href":"https:\/\/paulinomonroy.com\/index.php\/wp-json\/wp\/v2\/types\/product"}],"replies":[{"embeddable":true,"href":"https:\/\/paulinomonroy.com\/index.php\/wp-json\/wp\/v2\/comments?post=51"}],"wp:featuredmedia":[{"embeddable":true,"href":"https:\/\/paulinomonroy.com\/index.php\/wp-json\/wp\/v2\/media\/105"}],"wp:attachment":[{"href":"https:\/\/paulinomonroy.com\/index.php\/wp-json\/wp\/v2\/media?parent=51"}],"wp:term":[{"taxonomy":"product_cat","embeddable":true,"href":"https:\/\/paulinomonroy.com\/index.php\/wp-json\/wp\/v2\/product_cat?post=51"},{"taxonomy":"product_tag","embeddable":true,"href":"https:\/\/paulinomonroy.com\/index.php\/wp-json\/wp\/v2\/product_tag?post=51"}],"curies":[{"name":"wp","href":"https:\/\/api.w.org\/{rel}","templated":true}]}}